{"id":112,"date":"2026-01-28T19:27:04","date_gmt":"2026-01-28T18:27:04","guid":{"rendered":"https:\/\/protransdem.fr\/?page_id=112"},"modified":"2026-03-09T12:17:55","modified_gmt":"2026-03-09T11:17:55","slug":"services","status":"publish","type":"page","link":"https:\/\/protransdem.fr\/index.php\/services\/","title":{"rendered":"Services"},"content":{"rendered":"\t\t<div data-elementor-type=\"wp-page\" data-elementor-id=\"112\" class=\"elementor elementor-112\" data-elementor-post-type=\"page\">\n\t\t\t\t\t\t<section class=\"elementor-section elementor-top-section elementor-element elementor-element-2d2f5f01 elementor-section-boxed elementor-section-height-default elementor-section-height-default wpr-particle-no wpr-jarallax-no wpr-parallax-no wpr-sticky-section-no\" data-id=\"2d2f5f01\" data-element_type=\"section\" data-settings=\"{&quot;background_background&quot;:&quot;classic&quot;}\">\n\t\t\t\t\t\t\t<div class=\"elementor-background-overlay\"><\/div>\n\t\t\t\t\t\t\t<div class=\"elementor-container elementor-column-gap-default\">\n\t\t\t\t\t<div class=\"elementor-column elementor-col-100 elementor-top-column elementor-element elementor-element-7f47f35b\" data-id=\"7f47f35b\" data-element_type=\"column\">\n\t\t\t<div class=\"elementor-widget-wrap elementor-element-populated\">\n\t\t\t\t\t\t<div class=\"elementor-element elementor-element-9ccf874 elementor-widget elementor-widget-heading\" data-id=\"9ccf874\" data-element_type=\"widget\" data-widget_type=\"heading.default\">\n\t\t\t\t\t<h2 class=\"elementor-heading-title elementor-size-default\">Nos Services\n<\/h2>\t\t\t\t<\/div>\n\t\t\t\t<div class=\"elementor-element elementor-element-1e4fdb22 elementor-widget__width-auto elementor-widget elementor-widget-heading\" data-id=\"1e4fdb22\" data-element_type=\"widget\" data-widget_type=\"heading.default\">\n\t\t\t\t\t<div class=\"elementor-heading-title elementor-size-default\">Des solutions professionnelles de transport, de d\u00e9m\u00e9nagement et de logistique adapt\u00e9es \u00e0 vos besoins.\n<\/div>\t\t\t\t<\/div>\n\t\t\t\t\t<\/div>\n\t\t<\/div>\n\t\t\t\t\t<\/div>\n\t\t<\/section>\n\t\t\t\t<section class=\"elementor-section elementor-top-section elementor-element elementor-element-7c2b45c6 elementor-section-boxed elementor-section-height-default elementor-section-height-default wpr-particle-no wpr-jarallax-no wpr-parallax-no wpr-sticky-section-no\" data-id=\"7c2b45c6\" data-element_type=\"section\" data-settings=\"{&quot;background_background&quot;:&quot;classic&quot;}\">\n\t\t\t\t\t\t\t<div class=\"elementor-background-overlay\"><\/div>\n\t\t\t\t\t\t\t<div class=\"elementor-container elementor-column-gap-default\">\n\t\t\t\t\t<div class=\"elementor-column elementor-col-100 elementor-top-column elementor-element elementor-element-3de86479\" data-id=\"3de86479\" data-element_type=\"column\">\n\t\t\t<div class=\"elementor-widget-wrap elementor-element-populated\">\n\t\t\t\t\t\t<div class=\"elementor-element elementor-element-684fea06 elementor-widget elementor-widget-heading\" data-id=\"684fea06\" data-element_type=\"widget\" data-widget_type=\"heading.default\">\n\t\t\t\t\t<div class=\"elementor-heading-title elementor-size-default\">Votre partenaire logistique de confiance\n<\/div>\t\t\t\t<\/div>\n\t\t\t\t<div class=\"elementor-element elementor-element-6a1a2671 elementor-widget elementor-widget-heading\" data-id=\"6a1a2671\" data-element_type=\"widget\" data-widget_type=\"heading.default\">\n\t\t\t\t\t<h2 class=\"elementor-heading-title elementor-size-default\">Nous proposons des services de transport, de d\u00e9m\u00e9nagement et de logistique fiables et s\u00e9curis\u00e9s\n<\/h2>\t\t\t\t<\/div>\n\t\t\t\t<section class=\"elementor-section elementor-inner-section elementor-element elementor-element-6513ce89 elementor-hidden-desktop elementor-section-boxed elementor-section-height-default elementor-section-height-default wpr-particle-no wpr-jarallax-no wpr-parallax-no wpr-sticky-section-no\" data-id=\"6513ce89\" data-element_type=\"section\">\n\t\t\t\t\t\t<div class=\"elementor-container elementor-column-gap-default\">\n\t\t\t\t\t<div class=\"elementor-column elementor-col-50 elementor-inner-column elementor-element elementor-element-48309b9c\" data-id=\"48309b9c\" data-element_type=\"column\">\n\t\t\t<div class=\"elementor-widget-wrap\">\n\t\t\t\t\t\t\t<\/div>\n\t\t<\/div>\n\t\t\t\t<div class=\"elementor-column elementor-col-50 elementor-inner-column elementor-element elementor-element-3261bde0\" data-id=\"3261bde0\" data-element_type=\"column\">\n\t\t\t<div class=\"elementor-widget-wrap\">\n\t\t\t\t\t\t\t<\/div>\n\t\t<\/div>\n\t\t\t\t\t<\/div>\n\t\t<\/section>\n\t\t\t\t\t<\/div>\n\t\t<\/div>\n\t\t\t\t\t<\/div>\n\t\t<\/section>\n\t\t<div class=\"elementor-element elementor-element-5104a83 e-flex e-con-boxed wpr-particle-no wpr-jarallax-no wpr-parallax-no wpr-sticky-section-no e-con e-parent\" data-id=\"5104a83\" data-element_type=\"container\" data-settings=\"{&quot;background_background&quot;:&quot;classic&quot;}\">\n\t\t\t\t\t<div class=\"e-con-inner\">\n\t\t<div class=\"elementor-element elementor-element-9cc926e e-con-full e-flex wpr-particle-no wpr-jarallax-no wpr-parallax-no wpr-sticky-section-no e-con e-child\" data-id=\"9cc926e\" data-element_type=\"container\">\n\t\t\t\t<div class=\"elementor-element elementor-element-b8043d5 elementor-widget-tablet__width-initial elementor-widget-mobile__width-inherit elementor-widget__width-initial elementor-position-top elementor-widget elementor-widget-image-box\" data-id=\"b8043d5\" data-element_type=\"widget\" data-widget_type=\"image-box.default\">\n\t\t\t\t\t<div class=\"elementor-image-box-wrapper\"><figure class=\"elementor-image-box-img\"><a href=\"https:\/\/library.elementor.com\/local-services-wireframe-1-flexbox\/services\/#service_1\" tabindex=\"-1\"><img decoding=\"async\" src=\"https:\/\/protransdem.fr\/wp-content\/uploads\/2026\/02\/top-view-messy-full-moving-boxes-room-scaled.jpg\" title=\"Top view of messy and full of moving boxes room\" alt=\"Top view of messy and full of moving boxes room\" class=\"elementor-animation-grow\" loading=\"lazy\" \/><\/a><\/figure><div class=\"elementor-image-box-content\"><h4 class=\"elementor-image-box-title\"><a href=\"https:\/\/library.elementor.com\/local-services-wireframe-1-flexbox\/services\/#service_1\">D\u00e9m\u00e9nagement particuliers<\/a><\/h4><p class=\"elementor-image-box-description\">Un d\u00e9m\u00e9nagement simple et sans stress. Protransdem prend en charge l\u2019emballage, le transport et la livraison de vos biens en toute s\u00e9curit\u00e9, partout en France.<\/p><\/div><\/div>\t\t\t\t<\/div>\n\t\t\t\t<div class=\"elementor-element elementor-element-76aa6da elementor-widget-tablet__width-initial elementor-widget-mobile__width-inherit elementor-widget__width-initial elementor-position-top elementor-widget elementor-widget-image-box\" data-id=\"76aa6da\" data-element_type=\"widget\" data-widget_type=\"image-box.default\">\n\t\t\t\t\t<div class=\"elementor-image-box-wrapper\"><figure class=\"elementor-image-box-img\"><a href=\"https:\/\/library.elementor.com\/local-services-wireframe-1-flexbox\/services\/#service_2\" tabindex=\"-1\"><img decoding=\"async\" src=\"https:\/\/protransdem.fr\/wp-content\/uploads\/2026\/02\/african-american-female-worker-making-inventory-packages-organizing-delivery-schedule-digital-tablet-her-colleague-is-working-background-scaled.jpg\" title=\"Black female deliverer using digital tablet while preparing pack\" alt=\"African American female worker making inventory of packages and organizing a delivery schedule on a digital tablet.  Her colleague is working in the background.\" class=\"elementor-animation-grow\" loading=\"lazy\" \/><\/a><\/figure><div class=\"elementor-image-box-content\"><h4 class=\"elementor-image-box-title\"><a href=\"https:\/\/library.elementor.com\/local-services-wireframe-1-flexbox\/services\/#service_2\">D\u00e9m\u00e9nagement entreprise<\/a><\/h4><p class=\"elementor-image-box-description\">Un transfert rapide et organis\u00e9 de vos bureaux et \u00e9quipements professionnels, avec un minimum d\u2019interruption pour votre activit\u00e9.<\/p><\/div><\/div>\t\t\t\t<\/div>\n\t\t\t\t<div class=\"elementor-element elementor-element-c765c20 elementor-widget-tablet__width-initial elementor-widget-mobile__width-inherit elementor-widget__width-initial elementor-position-top elementor-widget elementor-widget-image-box\" data-id=\"c765c20\" data-element_type=\"widget\" data-widget_type=\"image-box.default\">\n\t\t\t\t\t<div class=\"elementor-image-box-wrapper\"><figure class=\"elementor-image-box-img\"><a href=\"https:\/\/library.elementor.com\/local-services-wireframe-1-flexbox\/services\/#service_3\" tabindex=\"-1\"><img decoding=\"async\" src=\"https:\/\/protransdem.fr\/wp-content\/uploads\/2026\/02\/close-up-delivery-person-with-parcels-scaled.jpg\" title=\"close-up-delivery-person-with-parcels\" alt=\"close-up-delivery-person-with-parcels\" class=\"elementor-animation-grow\" loading=\"lazy\" \/><\/a><\/figure><div class=\"elementor-image-box-content\"><h4 class=\"elementor-image-box-title\"><a href=\"https:\/\/library.elementor.com\/local-services-wireframe-1-flexbox\/services\/#service_3\">Transport express<\/a><\/h4><p class=\"elementor-image-box-description\">Besoin d\u2019une livraison urgente ? Protransdem assure le transport rapide de colis, marchandises et documents, en toute fiabilit\u00e9.<\/p><\/div><\/div>\t\t\t\t<\/div>\n\t\t\t\t<\/div>\n\t\t\t\t\t<\/div>\n\t\t\t\t<\/div>\n\t\t<div class=\"elementor-element elementor-element-72228666 e-flex e-con-boxed wpr-particle-no wpr-jarallax-no wpr-parallax-no wpr-sticky-section-no e-con e-parent\" data-id=\"72228666\" data-element_type=\"container\" data-settings=\"{&quot;background_background&quot;:&quot;classic&quot;}\">\n\t\t\t\t\t<div class=\"e-con-inner\">\n\t\t<div class=\"elementor-element elementor-element-63c67fa5 e-con-full e-flex wpr-particle-no wpr-jarallax-no wpr-parallax-no wpr-sticky-section-no e-con e-child\" data-id=\"63c67fa5\" data-element_type=\"container\">\n\t\t\t\t<div class=\"elementor-element elementor-element-3bc41924 elementor-widget-tablet__width-initial elementor-widget-mobile__width-inherit elementor-widget__width-initial elementor-position-top elementor-widget elementor-widget-image-box\" data-id=\"3bc41924\" data-element_type=\"widget\" data-widget_type=\"image-box.default\">\n\t\t\t\t\t<div class=\"elementor-image-box-wrapper\"><figure class=\"elementor-image-box-img\"><a href=\"https:\/\/library.elementor.com\/local-services-wireframe-1-flexbox\/services\/#service_1\" tabindex=\"-1\"><img decoding=\"async\" src=\"https:\/\/protransdem.fr\/wp-content\/uploads\/2026\/01\/medium-shot-delivery-man-holding-box-scaled.jpg\" title=\"medium-shot-delivery-man-holding-box\" alt=\"medium-shot-delivery-man-holding-box\" class=\"elementor-animation-grow\" loading=\"lazy\" \/><\/a><\/figure><div class=\"elementor-image-box-content\"><h4 class=\"elementor-image-box-title\"><a href=\"https:\/\/library.elementor.com\/local-services-wireframe-1-flexbox\/services\/#service_1\">Livraison<\/a><\/h4><p class=\"elementor-image-box-description\">Livraison directe et s\u00e9curis\u00e9e de vos colis et marchandises, avec des d\u00e9lais ma\u00eetris\u00e9s et un service fiable.<\/p><\/div><\/div>\t\t\t\t<\/div>\n\t\t\t\t<div class=\"elementor-element elementor-element-46b4a28 elementor-widget-tablet__width-initial elementor-widget-mobile__width-inherit elementor-widget__width-initial elementor-position-top elementor-widget elementor-widget-image-box\" data-id=\"46b4a28\" data-element_type=\"widget\" data-widget_type=\"image-box.default\">\n\t\t\t\t\t<div class=\"elementor-image-box-wrapper\"><figure class=\"elementor-image-box-img\"><a href=\"https:\/\/library.elementor.com\/local-services-wireframe-1-flexbox\/services\/#service_1\" tabindex=\"-1\"><img decoding=\"async\" src=\"https:\/\/protransdem.fr\/wp-content\/uploads\/2026\/02\/freepik__transport-piano-par-une-entreprise-de-demenagement__96655.png\" title=\"freepik__transport-piano-par-une-entreprise-de-demenagement__96655\" alt=\"freepik__transport-piano-par-une-entreprise-de-demenagement__96655\" class=\"elementor-animation-grow\" loading=\"lazy\" \/><\/a><\/figure><div class=\"elementor-image-box-content\"><h4 class=\"elementor-image-box-title\"><a href=\"https:\/\/library.elementor.com\/local-services-wireframe-1-flexbox\/services\/#service_1\">Transport de piano<\/a><\/h4><p class=\"elementor-image-box-description\">Un service sp\u00e9cialis\u00e9 pour le transport de pianos et objets lourds ou fragiles, r\u00e9alis\u00e9 avec soin et expertise.<\/p><\/div><\/div>\t\t\t\t<\/div>\n\t\t\t\t<div class=\"elementor-element elementor-element-43173b65 elementor-widget-tablet__width-initial elementor-widget-mobile__width-inherit elementor-widget__width-initial elementor-position-top elementor-widget elementor-widget-image-box\" data-id=\"43173b65\" data-element_type=\"widget\" data-widget_type=\"image-box.default\">\n\t\t\t\t\t<div class=\"elementor-image-box-wrapper\"><figure class=\"elementor-image-box-img\"><a href=\"https:\/\/library.elementor.com\/local-services-wireframe-1-flexbox\/services\/#service_2\" tabindex=\"-1\"><img decoding=\"async\" src=\"https:\/\/protransdem.fr\/wp-content\/uploads\/2026\/02\/freepik__dbarras-maison-rapide-protransdem-mobilier-dmont-c__96656.png\" title=\"freepik__dbarras-maison-rapide-protransdem-mobilier-dmont-c__96656\" alt=\"freepik__dbarras-maison-rapide-protransdem-mobilier-dmont-c__96656\" class=\"elementor-animation-grow\" loading=\"lazy\" \/><\/a><\/figure><div class=\"elementor-image-box-content\"><h4 class=\"elementor-image-box-title\"><a href=\"https:\/\/library.elementor.com\/local-services-wireframe-1-flexbox\/services\/#service_2\">D\u00e9barras<\/a><\/h4><p class=\"elementor-image-box-description\">D\u00e9barras complet d\u2019appartements, maisons, bureaux ou locaux, avec tri, \u00e9vacuation et nettoyage si n\u00e9cessaire.<\/p><\/div><\/div>\t\t\t\t<\/div>\n\t\t\t\t<\/div>\n\t\t\t\t\t<\/div>\n\t\t\t\t<\/div>\n\t\t\t\t<\/div>\n\t\t","protected":false},"excerpt":{"rendered":"<p>Nos Services Des solutions professionnelles de transport, de d\u00e9m\u00e9nagement et de logistique adapt\u00e9es \u00e0 vos besoins. Votre partenaire logistique de confiance Nous proposons des services de transport, de d\u00e9m\u00e9nagement et de logistique fiables et s\u00e9curis\u00e9s D\u00e9m\u00e9nagement particuliers Un d\u00e9m\u00e9nagement simple et sans stress. Protransdem prend en charge l\u2019emballage, le transport et la livraison de vos biens en toute s\u00e9curit\u00e9, partout en France. D\u00e9m\u00e9nagement entreprise Un transfert rapide et organis\u00e9 de vos bureaux et \u00e9quipements professionnels, avec un minimum d\u2019interruption pour votre activit\u00e9. Transport express Besoin d\u2019une livraison urgente ? Protransdem assure le transport rapide de colis, marchandises et documents, en toute fiabilit\u00e9. Livraison Livraison directe et s\u00e9curis\u00e9e de vos colis et marchandises, avec des d\u00e9lais ma\u00eetris\u00e9s et un service fiable. Transport de piano Un service sp\u00e9cialis\u00e9 pour le transport de pianos et objets lourds ou fragiles, r\u00e9alis\u00e9 avec soin et expertise. D\u00e9barras D\u00e9barras complet d\u2019appartements, maisons, bureaux ou locaux, avec tri, \u00e9vacuation et nettoyage si n\u00e9cessaire.<\/p>\n","protected":false},"author":1,"featured_media":0,"parent":0,"menu_order":0,"comment_status":"closed","ping_status":"closed","template":"elementor_header_footer","meta":{"footnotes":""},"class_list":["post-112","page","type-page","status-publish","hentry"],"_links":{"self":[{"href":"https:\/\/protransdem.fr\/index.php\/wp-json\/wp\/v2\/pages\/112","targetHints":{"allow":["GET"]}}],"collection":[{"href":"https:\/\/protransdem.fr\/index.php\/wp-json\/wp\/v2\/pages"}],"about":[{"href":"https:\/\/protransdem.fr\/index.php\/wp-json\/wp\/v2\/types\/page"}],"author":[{"embeddable":true,"href":"https:\/\/protransdem.fr\/index.php\/wp-json\/wp\/v2\/users\/1"}],"replies":[{"embeddable":true,"href":"https:\/\/protransdem.fr\/index.php\/wp-json\/wp\/v2\/comments?post=112"}],"version-history":[{"count":24,"href":"https:\/\/protransdem.fr\/index.php\/wp-json\/wp\/v2\/pages\/112\/revisions"}],"predecessor-version":[{"id":622,"href":"https:\/\/protransdem.fr\/index.php\/wp-json\/wp\/v2\/pages\/112\/revisions\/622"}],"wp:attachment":[{"href":"https:\/\/protransdem.fr\/index.php\/wp-json\/wp\/v2\/media?parent=112"}],"curies":[{"name":"wp","href":"https:\/\/api.w.org\/{rel}","templated":true}]}}